{"id":3641,"date":"2022-08-29T16:45:59","date_gmt":"2022-08-29T16:45:59","guid":{"rendered":"https:\/\/inbre.hpcf.upr.edu\/?page_id=3641"},"modified":"2024-03-21T18:45:50","modified_gmt":"2024-03-21T18:45:50","slug":"external-advisory-committee","status":"publish","type":"page","link":"https:\/\/inbre.hpcf.upr.edu\/index.php\/external-advisory-committee\/","title":{"rendered":"External Advisory Committee"},"content":{"rendered":"<p><section class=\"kc-elm kc-css-374773 kc_row\"><div class=\"kc-row-container  kc-container\"><div class=\"kc-wrap-columns\"><div class=\"kc-elm kc-css-379820 kc_col-sm-12 kc_column kc_col-sm-12\"><div class=\"kc-col-container\">\n<div class=\"kc-elm kc-css-672593 kc-title-wrap \">\n\n\t<h1 class=\"kc_title stage-title font-md lil-line\">External Advisory Committee<\/h1>\n<\/div>\n<\/div><\/div><\/div><\/div><\/section><section class=\"kc-elm kc-css-487239 kc_row\"><div class=\"kc-row-container  kc-container\"><div class=\"kc-wrap-columns\"><div class=\"kc-elm kc-css-657460 kc_col-sm-12 kc_column kc_col-sm-12\"><div class=\"kc-col-container\"><div class=\"kc-elm kc-css-908869\" style=\"height: 40px; clear: both; width:100%;\"><\/div><\/div><\/div><\/div><\/div><\/section><section class=\"kc-elm kc-css-273116 kc_row\"><div class=\"kc-row-container  kc-container\"><div class=\"kc-wrap-columns\"><div class=\"kc-elm kc-css-772434 kc_col-sm-12 kc_column kc_col-sm-12\"><div class=\"kc-col-container\"><div class=\"kc-elm kc-css-519075 kc_text_block\"><\/p>\n<p>The External Advisory Committee (EAC) will provide External Evaluation of the scientific progress of the PR-INBRE on an annual basis, and provide written recommendations over any concerns regarding scientific progress or administrative matters of the program. EAC members are selected by invitation of the PI in accordance with their expertise in one or more thematic focus areas of the program. The present EAC consists of 5 members that are renowned scientists with expertise in the selected thematic areas: James R. Brown, Ph.D. (Director, Infectious Disease Therapy Area Unit, Computational Biology, Projects, Clinical Platforms &#038; Sciences, GlaxoSmithKlein, Collegeville, PA), Reinhard Laubenbacher, Ph.D. (Professor, Jackson Laboratory for Genomic Medicine, Co-Director of the Center for Quantitative Medicine, University of Connecticut School of Medicine, Farmington, CT), Stephen Cutler, Ph.D., (Professor and Dean, School of Pharmacy, University of South Carolina, Columbia, SC), and Sanjay Malhotra, Ph.D., (Professor, Dept. of Radiological Sciences, Stanford University School of Medicine, Stanford, CA). Barring any unforeseen changes in the next two years, these PR-INBRE EAC members will continue in the next funding period (Letters of Support provided). In an effort to establish gender and cultural diversity, the PR-INBRE will recruit a new EAC member, Ver\u00f3nica Mart\u00ednez Cerde\u00f1o, Ph.D. She is a Neuroscientist specializing in Autism Research at UC Davis. Once confirmed by the PO, Dr. Martinez Cerde\u00f1o will join the committee at our next Meeting in 2019 a nd continue on through the next cycle. Dr. Martinez Cerde\u00f1o will provide mentorship to neuroscience investiga tors of the PRINBRE and the COBRE Center for Neuroplasticity. The responsibilities of the EAC will be to review and approve all peer-reviewed DRPP research proposals prior to funding, evaluate individual annual progress reports presented by the DRPP investigators to the EAC at the Annual EAC Meeting and evaluate the advanced draft of our Annual Research Progress and Performance Reports (RPPR) prior to submission. The EAC will provide an external assessment of the progress made on the scientific goals of the PR-INBRE for each year and a summary of this written assessment is included as part of the RPPR and SIRs report. Consequently, there will be an annual face-to-face meeting with the EAC prior to the date of submission of the annual RPPR.<\/p>\n<p>\n<\/div><\/div><\/div><\/div><\/div><\/section><section class=\"kc-elm kc-css-645439 kc_row\"><div class=\"kc-row-container  kc-container\"><div class=\"kc-wrap-columns\"><div class=\"kc-elm kc-css-274890 kc_col-sm-12 kc_column kc_col-sm-12\"><div class=\"kc-col-container\"><div class=\"kc-elm kc-css-475233\" style=\"height: 20px; clear: both; width:100%;\"><\/div><\/div><\/div><\/div><\/div><\/section><section class=\"kc-elm kc-css-756432 kc_row\"><div class=\"kc-row-container  kc-container\"><div class=\"kc-wrap-columns\"><div class=\"kc-elm kc-css-812682 kc_col-sm-12 kc_column kc_col-sm-12\"><div class=\"kc-col-container\"><div class=\"col-sm-6 col-md-3\">\n                    <div class=\"profile-card profile-card-meta_classic kc-elm kc-css-574282\">\n                        <figure>\n                             <img width=\"260\" height=\"270\" src=\"https:\/\/inbre.hpcf.upr.edu\/wp-content\/uploads\/2022\/08\/DrBrown.jpg\" class=\"img-responsive\" alt=\"\" loading=\"lazy\" \/>\n                            <figcaption><h3 class=\"fig-title\">Dr. James (Jim) R. Brown<\/h3><div class=\"fig-title-des\">Kaleido Biosciences<\/div><div class=\"fig-meta\"><p class=\"fig-mail\"><strong>Email:<\/strong> <span>Jim.Brown@Kaleido.com<\/span><\/p><\/div>\n                            <\/figcaption>\n                        <\/figure><\/div>\n                <\/div><div class=\"col-sm-6 col-md-3\">\n                    <div class=\"profile-card profile-card-meta_classic kc-elm kc-css-574282\">\n                        <figure>\n                             <img width=\"260\" height=\"270\" src=\"https:\/\/inbre.hpcf.upr.edu\/wp-content\/uploads\/2022\/08\/DrReinhardLaubenbacher.jpg\" class=\"img-responsive\" alt=\"\" loading=\"lazy\" \/>\n                            <figcaption><h3 class=\"fig-title\">Dr. Reinhard Laubenbacher<\/h3><div class=\"fig-title-des\">University of Florida<\/div><div class=\"fig-meta\"><p class=\"fig-mail\"><strong>Email:<\/strong> <span>reinhard.laubenbacher@medicine.ufl.edu<\/span><\/p><\/div>\n                            <\/figcaption>\n                        <\/figure><\/div>\n                <\/div><div class=\"team-clearfix\"><\/div><div class=\"col-sm-6 col-md-3\">\n                    <div class=\"profile-card profile-card-meta_classic kc-elm kc-css-574282\">\n                        <figure>\n                             <img width=\"260\" height=\"270\" src=\"https:\/\/inbre.hpcf.upr.edu\/wp-content\/uploads\/2022\/08\/DrCutler.jpg\" class=\"img-responsive\" alt=\"\" loading=\"lazy\" \/>\n                            <figcaption><h3 class=\"fig-title\">Dr. Stephen J. Cutler<\/h3><div class=\"fig-title-des\">University of South Carolina<\/div><div class=\"fig-meta\"><p class=\"fig-mail\"><strong>Email:<\/strong> <span>sjcutler@cop.sc.edu<\/span><\/p><\/div>\n                            <\/figcaption>\n                        <\/figure><\/div>\n                <\/div><div class=\"col-sm-6 col-md-3\">\n                    <div class=\"profile-card profile-card-meta_classic kc-elm kc-css-574282\">\n                        <figure>\n                             <img width=\"260\" height=\"270\" src=\"https:\/\/inbre.hpcf.upr.edu\/wp-content\/uploads\/2022\/08\/DrMalhotra.jpg\" class=\"img-responsive\" alt=\"\" loading=\"lazy\" \/>\n                            <figcaption><h3 class=\"fig-title\">Dr. Sanjay V. Malhotra<\/h3><div class=\"fig-title-des\">Stanford University<\/div><div class=\"fig-meta\"><p class=\"fig-mail\"><strong>Email:<\/strong> <span>malhotsa@ohsu.edu<\/span><\/p><\/div>\n                            <\/figcaption>\n                        <\/figure><\/div>\n                <\/div><div class=\"team-clearfix\"><\/div><\/div><\/div><\/div><\/div><\/section><section class=\"kc-elm kc-css-806927 kc_row\"><div class=\"kc-row-container  kc-container\"><div class=\"kc-wrap-columns\"><div class=\"kc-elm kc-css-252170 kc_col-sm-12 kc_column kc_col-sm-12\"><div class=\"kc-col-container\"><div class=\"col-sm-6 col-md-3\">\n                    <div class=\"profile-card profile-card-meta_classic kc-elm kc-css-421598\">\n                        <figure>\n                             <img width=\"260\" height=\"270\" src=\"https:\/\/inbre.hpcf.upr.edu\/wp-content\/uploads\/2022\/08\/DrVeronicaMartinez-1.jpg\" class=\"img-responsive\" alt=\"\" loading=\"lazy\" \/>\n                            <figcaption><h3 class=\"fig-title\">Dr. Veronica Martinez<\/h3><div class=\"fig-title-des\">UC Davis<\/div><div class=\"fig-meta\"><p class=\"fig-mail\"><strong>Email:<\/strong> <span>vmartinezcerdeno@ucdavis.edu<\/span><\/p><\/div>\n                            <\/figcaption>\n                        <\/figure><\/div>\n                <\/div><\/div><\/div><\/div><\/div><\/section><section data-kc-fullwidth=\"row\" class=\"kc-elm kc-css-147408 kc_row\"><div class=\"kc-row-container  kc-container\"><div class=\"kc-wrap-columns\"><div class=\"kc-elm kc-css-376172 kc_col-sm-12 kc_column kc_col-sm-12\"><div class=\"kc-col-container\"><div class=\"kc-elm kc-css-142506\" style=\"height: 40px; clear: both; width:100%;\"><\/div><\/div><\/div><\/div><\/div><\/section><\/p>\n","protected":false},"excerpt":{"rendered":"","protected":false},"author":1,"featured_media":4235,"parent":0,"menu_order":0,"comment_status":"closed","ping_status":"closed","template":"","meta":{"_monsterinsights_skip_tracking":false,"_monsterinsights_sitenote_active":false,"_monsterinsights_sitenote_note":"","_monsterinsights_sitenote_category":0},"_links":{"self":[{"href":"https:\/\/inbre.hpcf.upr.edu\/index.php\/wp-json\/wp\/v2\/pages\/3641"}],"collection":[{"href":"https:\/\/inbre.hpcf.upr.edu\/index.php\/wp-json\/wp\/v2\/pages"}],"about":[{"href":"https:\/\/inbre.hpcf.upr.edu\/index.php\/wp-json\/wp\/v2\/types\/page"}],"author":[{"embeddable":true,"href":"https:\/\/inbre.hpcf.upr.edu\/index.php\/wp-json\/wp\/v2\/users\/1"}],"replies":[{"embeddable":true,"href":"https:\/\/inbre.hpcf.upr.edu\/index.php\/wp-json\/wp\/v2\/comments?post=3641"}],"version-history":[{"count":14,"href":"https:\/\/inbre.hpcf.upr.edu\/index.php\/wp-json\/wp\/v2\/pages\/3641\/revisions"}],"predecessor-version":[{"id":6203,"href":"https:\/\/inbre.hpcf.upr.edu\/index.php\/wp-json\/wp\/v2\/pages\/3641\/revisions\/6203"}],"wp:featuredmedia":[{"embeddable":true,"href":"https:\/\/inbre.hpcf.upr.edu\/index.php\/wp-json\/wp\/v2\/media\/4235"}],"wp:attachment":[{"href":"https:\/\/inbre.hpcf.upr.edu\/index.php\/wp-json\/wp\/v2\/media?parent=3641"}],"curies":[{"name":"wp","href":"https:\/\/api.w.org\/{rel}","templated":true}]}}